{"id":30,"date":"2025-05-28T08:11:11","date_gmt":"2025-05-28T06:11:11","guid":{"rendered":"https:\/\/ibd-fertigungstechnik.de\/?page_id=30"},"modified":"2025-06-04T11:00:48","modified_gmt":"2025-06-04T09:00:48","slug":"impressum","status":"publish","type":"page","link":"https:\/\/ibd-fertigungstechnik.de\/index.php\/impressum\/","title":{"rendered":"Impressum"},"content":{"rendered":"<div class=\"fusion-fullwidth fullwidth-box fusion-builder-row-1 fusion-flex-container has-pattern-background has-mask-background nonhundred-percent-fullwidth non-hundred-percent-height-scrolling\" style=\"--awb-border-radius-top-left:0px;--awb-border-radius-top-right:0px;--awb-border-radius-bottom-right:0px;--awb-border-radius-bottom-left:0px;--awb-padding-top:100px;--awb-padding-bottom:100px;--awb-flex-wrap:wrap;\" ><div class=\"fusion-builder-row fusion-row fusion-flex-align-items-flex-start fusion-flex-content-wrap\" style=\"max-width:1256.6px;margin-left: calc(-3% \/ 2 );margin-right: calc(-3% \/ 2 );\"><div class=\"fusion-layout-column fusion_builder_column fusion-builder-column-0 fusion_builder_column_1_2 1_2 fusion-flex-column\" style=\"--awb-bg-size:cover;--awb-width-large:50%;--awb-spacing-right-large:2.91%;--awb-margin-bottom-large:0px;--awb-spacing-left-large:2.91%;--awb-width-medium:50%;--awb-order-medium:0;--awb-spacing-right-medium:2.91%;--awb-spacing-left-medium:2.91%;--awb-width-small:100%;--awb-order-small:0;--awb-spacing-right-small:1.455%;--awb-spacing-left-small:1.455%;\"><div class=\"fusion-column-wrapper fusion-column-has-shadow fusion-flex-justify-content-flex-start fusion-content-layout-column\"><div class=\"fusion-text fusion-text-1\"><h4>Angaben gem\u00e4\u00df \u00a7 5 TMG<\/h4>\n<p>IBD Fertigungstechnik GmbH<br \/>\nM\u00f6nichhusen 22<br \/>\n32549 Bad Oeynhausen<br \/>\nDeutschland<\/p>\n<p><strong>Vertreten durch:<\/strong><br \/>\nArno Eikermann, Holger Brink<\/p>\n<p><strong>Kontakt:<\/strong><br \/>\nTelefon: +49 5734 \/ 9602 &#8211; 70<br \/>\nE-Mail: info@ibd-ft.de<\/p>\n<p><strong>Registereintrag:<\/strong><br \/>\nEintragung im Handelsregister.<br \/>\nRegistergericht: Amtsgericht Bad Oeynhausen<br \/>\nRegisternummer: HRB 19937<\/p>\n<p><strong>Umsatzsteuer-ID:<\/strong><br \/>\nUmsatzsteuer-Identifikationsnummer gem\u00e4\u00df \u00a727 a Umsatzsteuergesetz: DE450067330<\/p>\n<p><strong>Verantwortlich f\u00fcr den Inhalt nach \u00a7 55 Abs. 2 RStV:<\/strong><br \/>\nArno Eikermann<br \/>\nM\u00f6nichhusen 22<br \/>\n32549 Bad Oeynhausen<\/p>\n<p><strong>Webdesign und Fotografie:<br \/>\n<\/strong><a href=\"http:\/\/www.sk-online-marketing.de\" target=\"_blank\" rel=\"noopener\">www.sk-online-marketing.de<\/a><\/p>\n<\/div><\/div><\/div><div class=\"fusion-layout-column fusion_builder_column fusion-builder-column-1 fusion_builder_column_1_2 1_2 fusion-flex-column\" style=\"--awb-bg-size:cover;--awb-width-large:50%;--awb-spacing-right-large:2.91%;--awb-margin-bottom-large:0px;--awb-spacing-left-large:2.91%;--awb-width-medium:50%;--awb-order-medium:0;--awb-spacing-right-medium:2.91%;--awb-spacing-left-medium:2.91%;--awb-width-small:100%;--awb-order-small:0;--awb-spacing-right-small:1.455%;--awb-spacing-left-small:1.455%;\"><div class=\"fusion-column-wrapper fusion-column-has-shadow fusion-flex-justify-content-flex-start fusion-content-layout-column\"><div class=\"fusion-text fusion-text-2\"><h4><strong>Haftungsausschluss (Disclaimer)<\/strong><\/h4>\n<p><strong>Haftung f\u00fcr Inhalte<\/strong><br \/>\nAls Diensteanbieter sind wir gem\u00e4\u00df \u00a7 7 Abs.1 TMG f\u00fcr eigene Inhalte auf diesen Seiten nach den allgemeinen Gesetzen verantwortlich. Nach \u00a7\u00a7 8 bis 10 TMG sind wir als Diensteanbieter jedoch nicht verpflichtet, \u00fcbermittelte oder gespeicherte fremde Informationen zu \u00fcberwachen oder nach Umst\u00e4nden zu forschen, die auf eine rechtswidrige T\u00e4tigkeit hinweisen.<\/p>\n<p><strong>Haftung f\u00fcr Links<\/strong><br \/>\nUnser Angebot enth\u00e4lt Links zu externen Webseiten Dritter, auf deren Inhalte wir keinen Einfluss haben. Deshalb k\u00f6nnen wir f\u00fcr diese fremden Inhalte auch keine Gew\u00e4hr \u00fcbernehmen. F\u00fcr die Inhalte der verlinkten Seiten ist stets der jeweilige Anbieter oder Betreiber der Seiten verantwortlich.<\/p>\n<p><strong>Urheberrecht<\/strong><br \/>\nDie durch die Seitenbetreiber erstellten Inhalte und Werke auf diesen Seiten unterliegen dem deutschen Urheberrecht. Die Vervielf\u00e4ltigung, Bearbeitung, Verbreitung und jede Art der Verwertung au\u00dferhalb der Grenzen des Urheberrechtes bed\u00fcrfen der schriftlichen Zustimmung des jeweiligen Autors bzw. Erstellers.<\/p>\n<p><strong>Streitschlichtung<\/strong><br \/>\nDie Europ\u00e4ische Kommission stellt eine Plattform zur Online-Streitbeilegung (OS) bereit: https:\/\/ec.europa.eu\/consumers\/odr. Unsere E-Mail-Adresse finden Sie oben im Impressum.<\/p>\n<p>Wir sind nicht bereit oder verpflichtet, an Streitbeilegungsverfahren vor einer Verbraucherschlichtungsstelle teilzunehmen.<\/p>\n<\/div><\/div><\/div><\/div><\/div>\n","protected":false},"excerpt":{"rendered":"","protected":false},"author":1,"featured_media":0,"parent":0,"menu_order":0,"comment_status":"closed","ping_status":"closed","template":"100-width.php","meta":{"_acf_changed":false,"footnotes":""},"class_list":["post-30","page","type-page","status-publish","hentry"],"acf":[],"yoast_head":"<!-- This site is optimized with the Yoast SEO plugin v25.5 - https:\/\/yoast.com\/wordpress\/plugins\/seo\/ -->\n<title>Impressum - IBD Fertigungstechnik GmbH<\/title>\n<meta name=\"robots\" content=\"index, follow, max-snippet:-1, max-image-preview:large, max-video-preview:-1\" \/>\n<link rel=\"canonical\" href=\"https:\/\/ibd-fertigungstechnik.de\/index.php\/impressum\/\" \/>\n<meta property=\"og:locale\" content=\"de_DE\" \/>\n<meta property=\"og:type\" content=\"article\" \/>\n<meta property=\"og:title\" content=\"Impressum - IBD Fertigungstechnik GmbH\" \/>\n<meta property=\"og:url\" content=\"https:\/\/ibd-fertigungstechnik.de\/index.php\/impressum\/\" \/>\n<meta property=\"og:site_name\" content=\"IBD Fertigungstechnik GmbH\" \/>\n<meta property=\"article:modified_time\" content=\"2025-06-04T09:00:48+00:00\" \/>\n<meta name=\"twitter:card\" content=\"summary_large_image\" \/>\n<meta name=\"twitter:label1\" content=\"Gesch\u00e4tzte Lesezeit\" \/>\n\t<meta name=\"twitter:data1\" content=\"9\u00a0Minuten\" \/>\n<script type=\"application\/ld+json\" class=\"yoast-schema-graph\">{\"@context\":\"https:\/\/schema.org\",\"@graph\":[{\"@type\":\"WebPage\",\"@id\":\"https:\/\/ibd-fertigungstechnik.de\/index.php\/impressum\/\",\"url\":\"https:\/\/ibd-fertigungstechnik.de\/index.php\/impressum\/\",\"name\":\"Impressum - IBD Fertigungstechnik GmbH\",\"isPartOf\":{\"@id\":\"https:\/\/ibd-fertigungstechnik.de\/#website\"},\"datePublished\":\"2025-05-28T06:11:11+00:00\",\"dateModified\":\"2025-06-04T09:00:48+00:00\",\"breadcrumb\":{\"@id\":\"https:\/\/ibd-fertigungstechnik.de\/index.php\/impressum\/#breadcrumb\"},\"inLanguage\":\"de\",\"potentialAction\":[{\"@type\":\"ReadAction\",\"target\":[\"https:\/\/ibd-fertigungstechnik.de\/index.php\/impressum\/\"]}]},{\"@type\":\"BreadcrumbList\",\"@id\":\"https:\/\/ibd-fertigungstechnik.de\/index.php\/impressum\/#breadcrumb\",\"itemListElement\":[{\"@type\":\"ListItem\",\"position\":1,\"name\":\"Startseite\",\"item\":\"https:\/\/ibd-fertigungstechnik.de\/\"},{\"@type\":\"ListItem\",\"position\":2,\"name\":\"Impressum\"}]},{\"@type\":\"WebSite\",\"@id\":\"https:\/\/ibd-fertigungstechnik.de\/#website\",\"url\":\"https:\/\/ibd-fertigungstechnik.de\/\",\"name\":\"IBD Fertigungstechnik GmbH\",\"description\":\"CNC Drehen, Fr\u00e4sen und Schleifen\",\"publisher\":{\"@id\":\"https:\/\/ibd-fertigungstechnik.de\/#organization\"},\"potentialAction\":[{\"@type\":\"SearchAction\",\"target\":{\"@type\":\"EntryPoint\",\"urlTemplate\":\"https:\/\/ibd-fertigungstechnik.de\/?s={search_term_string}\"},\"query-input\":{\"@type\":\"PropertyValueSpecification\",\"valueRequired\":true,\"valueName\":\"search_term_string\"}}],\"inLanguage\":\"de\"},{\"@type\":\"Organization\",\"@id\":\"https:\/\/ibd-fertigungstechnik.de\/#organization\",\"name\":\"IBD Fertigungstechnik GmbH\",\"url\":\"https:\/\/ibd-fertigungstechnik.de\/\",\"logo\":{\"@type\":\"ImageObject\",\"inLanguage\":\"de\",\"@id\":\"https:\/\/ibd-fertigungstechnik.de\/#\/schema\/logo\/image\/\",\"url\":\"https:\/\/ibd-fertigungstechnik.de\/wp-content\/uploads\/2025\/05\/cropped-ibd-quadrat.jpg\",\"contentUrl\":\"https:\/\/ibd-fertigungstechnik.de\/wp-content\/uploads\/2025\/05\/cropped-ibd-quadrat.jpg\",\"width\":512,\"height\":512,\"caption\":\"IBD Fertigungstechnik GmbH\"},\"image\":{\"@id\":\"https:\/\/ibd-fertigungstechnik.de\/#\/schema\/logo\/image\/\"}}]}<\/script>\n<!-- \/ Yoast SEO plugin. -->","yoast_head_json":{"title":"Impressum - IBD Fertigungstechnik GmbH","robots":{"index":"index","follow":"follow","max-snippet":"max-snippet:-1","max-image-preview":"max-image-preview:large","max-video-preview":"max-video-preview:-1"},"canonical":"https:\/\/ibd-fertigungstechnik.de\/index.php\/impressum\/","og_locale":"de_DE","og_type":"article","og_title":"Impressum - IBD Fertigungstechnik GmbH","og_url":"https:\/\/ibd-fertigungstechnik.de\/index.php\/impressum\/","og_site_name":"IBD Fertigungstechnik GmbH","article_modified_time":"2025-06-04T09:00:48+00:00","twitter_card":"summary_large_image","twitter_misc":{"Gesch\u00e4tzte Lesezeit":"9\u00a0Minuten"},"schema":{"@context":"https:\/\/schema.org","@graph":[{"@type":"WebPage","@id":"https:\/\/ibd-fertigungstechnik.de\/index.php\/impressum\/","url":"https:\/\/ibd-fertigungstechnik.de\/index.php\/impressum\/","name":"Impressum - IBD Fertigungstechnik GmbH","isPartOf":{"@id":"https:\/\/ibd-fertigungstechnik.de\/#website"},"datePublished":"2025-05-28T06:11:11+00:00","dateModified":"2025-06-04T09:00:48+00:00","breadcrumb":{"@id":"https:\/\/ibd-fertigungstechnik.de\/index.php\/impressum\/#breadcrumb"},"inLanguage":"de","potentialAction":[{"@type":"ReadAction","target":["https:\/\/ibd-fertigungstechnik.de\/index.php\/impressum\/"]}]},{"@type":"BreadcrumbList","@id":"https:\/\/ibd-fertigungstechnik.de\/index.php\/impressum\/#breadcrumb","itemListElement":[{"@type":"ListItem","position":1,"name":"Startseite","item":"https:\/\/ibd-fertigungstechnik.de\/"},{"@type":"ListItem","position":2,"name":"Impressum"}]},{"@type":"WebSite","@id":"https:\/\/ibd-fertigungstechnik.de\/#website","url":"https:\/\/ibd-fertigungstechnik.de\/","name":"IBD Fertigungstechnik GmbH","description":"CNC Drehen, Fr\u00e4sen und Schleifen","publisher":{"@id":"https:\/\/ibd-fertigungstechnik.de\/#organization"},"potentialAction":[{"@type":"SearchAction","target":{"@type":"EntryPoint","urlTemplate":"https:\/\/ibd-fertigungstechnik.de\/?s={search_term_string}"},"query-input":{"@type":"PropertyValueSpecification","valueRequired":true,"valueName":"search_term_string"}}],"inLanguage":"de"},{"@type":"Organization","@id":"https:\/\/ibd-fertigungstechnik.de\/#organization","name":"IBD Fertigungstechnik GmbH","url":"https:\/\/ibd-fertigungstechnik.de\/","logo":{"@type":"ImageObject","inLanguage":"de","@id":"https:\/\/ibd-fertigungstechnik.de\/#\/schema\/logo\/image\/","url":"https:\/\/ibd-fertigungstechnik.de\/wp-content\/uploads\/2025\/05\/cropped-ibd-quadrat.jpg","contentUrl":"https:\/\/ibd-fertigungstechnik.de\/wp-content\/uploads\/2025\/05\/cropped-ibd-quadrat.jpg","width":512,"height":512,"caption":"IBD Fertigungstechnik GmbH"},"image":{"@id":"https:\/\/ibd-fertigungstechnik.de\/#\/schema\/logo\/image\/"}}]}},"_links":{"self":[{"href":"https:\/\/ibd-fertigungstechnik.de\/index.php\/wp-json\/wp\/v2\/pages\/30","targetHints":{"allow":["GET"]}}],"collection":[{"href":"https:\/\/ibd-fertigungstechnik.de\/index.php\/wp-json\/wp\/v2\/pages"}],"about":[{"href":"https:\/\/ibd-fertigungstechnik.de\/index.php\/wp-json\/wp\/v2\/types\/page"}],"author":[{"embeddable":true,"href":"https:\/\/ibd-fertigungstechnik.de\/index.php\/wp-json\/wp\/v2\/users\/1"}],"replies":[{"embeddable":true,"href":"https:\/\/ibd-fertigungstechnik.de\/index.php\/wp-json\/wp\/v2\/comments?post=30"}],"version-history":[{"count":4,"href":"https:\/\/ibd-fertigungstechnik.de\/index.php\/wp-json\/wp\/v2\/pages\/30\/revisions"}],"predecessor-version":[{"id":4569,"href":"https:\/\/ibd-fertigungstechnik.de\/index.php\/wp-json\/wp\/v2\/pages\/30\/revisions\/4569"}],"wp:attachment":[{"href":"https:\/\/ibd-fertigungstechnik.de\/index.php\/wp-json\/wp\/v2\/media?parent=30"}],"curies":[{"name":"wp","href":"https:\/\/api.w.org\/{rel}","templated":true}]}}